{"id":183,"date":"2023-09-08T18:46:43","date_gmt":"2023-09-08T18:46:43","guid":{"rendered":"https:\/\/sportfishingspain.com\/?page_id=183"},"modified":"2023-09-08T18:50:31","modified_gmt":"2023-09-08T18:50:31","slug":"terms-conditions","status":"publish","type":"page","link":"https:\/\/sportfishingspain.com\/de\/terms-conditions\/","title":{"rendered":"Terms &#038; Conditions"},"content":{"rendered":"<div data-elementor-type=\"wp-page\" data-elementor-id=\"183\" class=\"elementor elementor-183\" data-elementor-post-type=\"page\">\n\t\t\t\t\t\t\t\t\t<section class=\"elementor-section elementor-top-section elementor-element elementor-element-4b1cdb0 elementor-section-boxed elementor-section-height-default elementor-section-height-default\" data-id=\"4b1cdb0\" data-element_type=\"section\">\n\t\t\t\t\t\t<div class=\"elementor-container elementor-column-gap-default\">\n\t\t\t\t\t<div class=\"elementor-column elementor-col-100 elementor-top-column elementor-element elementor-element-08b0d74\" data-id=\"08b0d74\" data-element_type=\"column\">\n\t\t\t<div class=\"elementor-widget-wrap elementor-element-populated\">\n\t\t\t\t\t\t\t\t<div class=\"elementor-element elementor-element-9861382 elementor-widget elementor-widget-heading\" data-id=\"9861382\" data-element_type=\"widget\" data-widget_type=\"heading.default\">\n\t\t\t\t<div class=\"elementor-widget-container\">\n\t\t\t<style>\/*! elementor - v3.15.0 - 20-08-2023 *\/\n.elementor-heading-title{padding:0;margin:0;line-height:1}.elementor-widget-heading .elementor-heading-title[class*=elementor-size-]>a{color:inherit;font-size:inherit;line-height:inherit}.elementor-widget-heading .elementor-heading-title.elementor-size-small{font-size:15px}.elementor-widget-heading .elementor-heading-title.elementor-size-medium{font-size:19px}.elementor-widget-heading .elementor-heading-title.elementor-size-large{font-size:29px}.elementor-widget-heading .elementor-heading-title.elementor-size-xl{font-size:39px}.elementor-widget-heading .elementor-heading-title.elementor-size-xxl{font-size:59px}<\/style><h2 class=\"elementor-heading-title elementor-size-default\">Terms &amp; Conditions<\/h2>\t\t<\/div>\n\t\t\t\t<\/div>\n\t\t\t\t<div class=\"elementor-element elementor-element-686469b elementor-widget elementor-widget-text-editor\" data-id=\"686469b\" data-element_type=\"widget\" data-widget_type=\"text-editor.default\">\n\t\t\t\t<div class=\"elementor-widget-container\">\n\t\t\t<style>\/*! elementor - v3.15.0 - 20-08-2023 *\/\n.elementor-widget-text-editor.elementor-drop-cap-view-stacked .elementor-drop-cap{background-color:#69727d;color:#fff}.elementor-widget-text-editor.elementor-drop-cap-view-framed .elementor-drop-cap{color:#69727d;border:3px solid;background-color:transparent}.elementor-widget-text-editor:not(.elementor-drop-cap-view-default) .elementor-drop-cap{margin-top:8px}.elementor-widget-text-editor:not(.elementor-drop-cap-view-default) .elementor-drop-cap-letter{width:1em;height:1em}.elementor-widget-text-editor .elementor-drop-cap{float:left;text-align:center;line-height:1;font-size:50px}.elementor-widget-text-editor .elementor-drop-cap-letter{display:inline-block}<\/style>\t\t\t\t<p><strong>1. Akzeptanz der Bedingungen<\/strong><\/p><p>Willkommen auf der Website von Sport Fishing Spain. Diese Nutzungsbedingungen regeln Ihre Nutzung unserer Website. Indem Sie auf diese Website zugreifen oder sie nutzen, erkl\u00e4ren Sie sich mit den vorliegenden Bedingungen einverstanden. Wenn Sie mit irgendeinem Teil dieser Bedingungen nicht einverstanden sind, unterlassen Sie bitte die Nutzung unserer Website.<\/p><p><strong>2. Nutzung der Website<\/strong><\/p><p>Unsere Website ist ausschlie\u00dflich zu Informationszwecken bestimmt. Sie k\u00f6nnen sich \u00fcber die Einzelheiten unserer Fischereidienstleistungen informieren, Bilder unserer Angelpl\u00e4tze ansehen und uns f\u00fcr Anfragen oder Buchungen kontaktieren.<\/p><p><strong>3. Geistiges Eigentum<\/strong><\/p><p>Der gesamte Inhalt dieser Website, einschlie\u00dflich der Texte, Bilder, Logos und Grafiken, ist das ausschlie\u00dfliche Eigentum von Sport Fishing Spain und durch das Urheberrecht gesch\u00fctzt. Jegliche unbefugte Nutzung, Reproduktion oder Verbreitung unserer Inhalte ist strengstens untersagt.<\/p><p><strong>4. Datenschutz<\/strong><\/p><p>Ihre Privatsph\u00e4re ist f\u00fcr uns von gr\u00f6\u00dfter Bedeutung. Bitte lesen Sie unsere Datenschutzrichtlinie, um zu verstehen, wie wir Ihre pers\u00f6nlichen Daten sammeln, verwenden und sch\u00fctzen, wenn Sie unsere Website nutzen.<\/p><p><strong>5. Links zu Websites von Drittanbietern<\/strong><\/p><p>Sport Fishing Spain kann zu Ihrer Bequemlichkeit Links zu Websites Dritter enthalten. Diese Links werden als Service angeboten, um Ihre Erfahrung zu verbessern. Wir sind jedoch nicht verantwortlich f\u00fcr den Inhalt, die Datenschutzbestimmungen oder die Nutzungsbedingungen dieser externen Websites und unterst\u00fctzen diese nicht.<\/p><p><strong>6. Begrenzung der Haftung<\/strong><\/p><p>Obwohl wir alle Anstrengungen unternehmen, um die Richtigkeit und Aktualit\u00e4t der auf unserer Website zur Verf\u00fcgung gestellten Informationen zu gew\u00e4hrleisten, \u00fcbernimmt Sport Fishing Spain keine Gew\u00e4hr f\u00fcr die Vollst\u00e4ndigkeit, Richtigkeit oder Zuverl\u00e4ssigkeit des Inhalts. Wir haften nicht f\u00fcr direkte oder indirekte Sch\u00e4den, die durch die Nutzung unserer Website entstehen.<\/p><p><strong>7. \u00c4nderungen der Bedingungen<\/strong><\/p><p>Sport Fishing Spain beh\u00e4lt sich das Recht vor, diese Nutzungsbedingungen jederzeit zu aktualisieren. Alle \u00c4nderungen werden auf dieser Seite ver\u00f6ffentlicht, und es liegt in Ihrer Verantwortung, sie regelm\u00e4\u00dfig zu \u00fcberpr\u00fcfen.<\/p><p><strong>8. Kontaktinformationen<\/strong><\/p><p>Wenn Sie Fragen oder Bedenken haben oder weitere Informationen zu diesen Bedingungen oder anderen Aspekten unserer Website ben\u00f6tigen, z\u00f6gern Sie bitte nicht, uns zu kontaktieren.<\/p><p>Vielen Dank, dass Sie sich f\u00fcr Sport Fishing Spain entschieden haben. Wir sch\u00e4tzen Ihr Vertrauen und freuen uns darauf, Ihnen ein au\u00dfergew\u00f6hnliches Angelerlebnis zu bieten.<\/p><p>Mit freundlichen Gr\u00fc\u00dfen,<\/p><p>Sport Fishing Spain<\/p>\t\t\t\t\t\t<\/div>\n\t\t\t\t<\/div>\n\t\t\t\t\t<\/div>\n\t\t<\/div>\n\t\t\t\t\t\t\t<\/div>\n\t\t<\/section>\n\t\t\t\t\t\t\t<\/div>","protected":false},"excerpt":{"rendered":"<p>Terms &amp; Conditions 1. Acceptance of Terms Welcome to the Sport Fishing Spain website. These Terms of Service govern your use of our website. By accessing or using this site, you agree to be bound by these terms and conditions. If you do not agree with any part of these terms, please refrain from using [&hellip;]<\/p>","protected":false},"author":1,"featured_media":0,"parent":0,"menu_order":0,"comment_status":"closed","ping_status":"closed","template":"","meta":{"footnotes":""},"class_list":["post-183","page","type-page","status-publish","hentry"],"_links":{"self":[{"href":"https:\/\/sportfishingspain.com\/de\/wp-json\/wp\/v2\/pages\/183","targetHints":{"allow":["GET"]}}],"collection":[{"href":"https:\/\/sportfishingspain.com\/de\/wp-json\/wp\/v2\/pages"}],"about":[{"href":"https:\/\/sportfishingspain.com\/de\/wp-json\/wp\/v2\/types\/page"}],"author":[{"embeddable":true,"href":"https:\/\/sportfishingspain.com\/de\/wp-json\/wp\/v2\/users\/1"}],"replies":[{"embeddable":true,"href":"https:\/\/sportfishingspain.com\/de\/wp-json\/wp\/v2\/comments?post=183"}],"version-history":[{"count":14,"href":"https:\/\/sportfishingspain.com\/de\/wp-json\/wp\/v2\/pages\/183\/revisions"}],"predecessor-version":[{"id":197,"href":"https:\/\/sportfishingspain.com\/de\/wp-json\/wp\/v2\/pages\/183\/revisions\/197"}],"wp:attachment":[{"href":"https:\/\/sportfishingspain.com\/de\/wp-json\/wp\/v2\/media?parent=183"}],"curies":[{"name":"wp","href":"https:\/\/api.w.org\/{rel}","templated":true}]}}