{"id":198,"date":"2023-09-08T18:51:20","date_gmt":"2023-09-08T18:51:20","guid":{"rendered":"https:\/\/sportfishingspain.com\/?page_id=198"},"modified":"2023-09-08T18:52:40","modified_gmt":"2023-09-08T18:52:40","slug":"privacy-policy","status":"publish","type":"page","link":"https:\/\/sportfishingspain.com\/de\/privacy-policy\/","title":{"rendered":"Datenschutzbestimmungen"},"content":{"rendered":"<div data-elementor-type=\"wp-page\" data-elementor-id=\"198\" class=\"elementor elementor-198\" data-elementor-post-type=\"page\">\n\t\t\t\t\t\t\t\t\t<section class=\"elementor-section elementor-top-section elementor-element elementor-element-e0ca9fb elementor-section-boxed elementor-section-height-default elementor-section-height-default\" data-id=\"e0ca9fb\" data-element_type=\"section\">\n\t\t\t\t\t\t<div class=\"elementor-container elementor-column-gap-default\">\n\t\t\t\t\t<div class=\"elementor-column elementor-col-100 elementor-top-column elementor-element elementor-element-2c1ad36\" data-id=\"2c1ad36\" data-element_type=\"column\">\n\t\t\t<div class=\"elementor-widget-wrap elementor-element-populated\">\n\t\t\t\t\t\t\t\t<div class=\"elementor-element elementor-element-57809cd elementor-widget elementor-widget-heading\" data-id=\"57809cd\" data-element_type=\"widget\" data-widget_type=\"heading.default\">\n\t\t\t\t<div class=\"elementor-widget-container\">\n\t\t\t<style>\/*! elementor - v3.15.0 - 20-08-2023 *\/\n.elementor-heading-title{padding:0;margin:0;line-height:1}.elementor-widget-heading .elementor-heading-title[class*=elementor-size-]>a{color:inherit;font-size:inherit;line-height:inherit}.elementor-widget-heading .elementor-heading-title.elementor-size-small{font-size:15px}.elementor-widget-heading .elementor-heading-title.elementor-size-medium{font-size:19px}.elementor-widget-heading .elementor-heading-title.elementor-size-large{font-size:29px}.elementor-widget-heading .elementor-heading-title.elementor-size-xl{font-size:39px}.elementor-widget-heading .elementor-heading-title.elementor-size-xxl{font-size:59px}<\/style><h2 class=\"elementor-heading-title elementor-size-default\">Datenschutzbestimmungen<\/h2>\t\t<\/div>\n\t\t\t\t<\/div>\n\t\t\t\t<div class=\"elementor-element elementor-element-2d83195 elementor-widget elementor-widget-text-editor\" data-id=\"2d83195\" data-element_type=\"widget\" data-widget_type=\"text-editor.default\">\n\t\t\t\t<div class=\"elementor-widget-container\">\n\t\t\t<style>\/*! elementor - v3.15.0 - 20-08-2023 *\/\n.elementor-widget-text-editor.elementor-drop-cap-view-stacked .elementor-drop-cap{background-color:#69727d;color:#fff}.elementor-widget-text-editor.elementor-drop-cap-view-framed .elementor-drop-cap{color:#69727d;border:3px solid;background-color:transparent}.elementor-widget-text-editor:not(.elementor-drop-cap-view-default) .elementor-drop-cap{margin-top:8px}.elementor-widget-text-editor:not(.elementor-drop-cap-view-default) .elementor-drop-cap-letter{width:1em;height:1em}.elementor-widget-text-editor .elementor-drop-cap{float:left;text-align:center;line-height:1;font-size:50px}.elementor-widget-text-editor .elementor-drop-cap-letter{display:inline-block}<\/style>\t\t\t\t<p>Wir legen gro\u00dfen Wert auf Ihre Privatsph\u00e4re und sind bestrebt, Ihre pers\u00f6nlichen Daten zu sch\u00fctzen. Diese Datenschutzrichtlinie beschreibt die Art und Weise, wie wir Ihre Daten sammeln, nutzen, offenlegen und sch\u00fctzen, w\u00e4hrend Sie unsere Website besuchen, die Sie unter <a href=\"https:\/\/sportfishingspain.com\/de\/\" target=\"_new\">https:\/\/www.sportfishingspain.com<\/a>.<\/p><p>Durch die Nutzung unserer Website erkl\u00e4ren Sie Ihr Einverst\u00e4ndnis mit den in dieser Datenschutzrichtlinie dargelegten Bedingungen. Sollten Sie mit irgendeinem Teil dieser Richtlinie nicht einverstanden sein, bitten wir Sie, von der Nutzung unserer Website abzusehen.<\/p><p><strong>Gesammelte Informationen<\/strong><\/p><ol><li><p><strong>Pers\u00f6nliche Informationen:<\/strong> Wir k\u00f6nnen pers\u00f6nliche Daten erfassen, einschlie\u00dflich, aber nicht beschr\u00e4nkt auf Ihren Namen, Ihre E-Mail-Adresse und Telefonnummer, wenn Sie diese freiwillig \u00fcber unsere Kontaktformulare oder andere Kommunikationskan\u00e4le zur Verf\u00fcgung stellen.<\/p><\/li><li><p><strong>Protokolldaten:<\/strong> Wie die meisten Websites erfassen wir automatisch bestimmte Informationen, die Ihr Browser \u00fcbermittelt, wenn Sie unsere Website besuchen. Dies kann Ihre IP-Adresse, den Browsertyp, die besuchten Seiten sowie das Datum und die Uhrzeit Ihres Besuchs umfassen.<\/p><\/li><\/ol><p><strong>Wie wir Ihre Informationen verwenden<\/strong><\/p><p>Wir verwenden die von uns gesammelten Daten f\u00fcr die folgenden Zwecke:<\/p><ol><li><p><strong>Kommunikation:<\/strong> Um Ihre Anfragen umgehend zu beantworten und Ihnen die gew\u00fcnschten Informationen oder Dienstleistungen zur Verf\u00fcgung zu stellen.<\/p><\/li><li><p><strong>Analytik:<\/strong> Um Trends zu analysieren, den Inhalt und die Funktionalit\u00e4t unserer Website zu verbessern und Einblicke in die Nutzerinteraktionen zu gewinnen.<\/p><\/li><li><p><strong>Einhaltung der Rechtsvorschriften:<\/strong> Einhaltung einschl\u00e4giger Gesetze, Vorschriften oder rechtlicher Verfahren.<\/p><\/li><\/ol><p><strong>Cookies und Tracking-Technologien<\/strong><\/p><p>Unsere Website kann Cookies und \u00e4hnliche Tracking-Technologien verwenden, um Ihr Surferlebnis zu verbessern. Sie haben die M\u00f6glichkeit, Cookies \u00fcber die Einstellungen Ihres Browsers zu deaktivieren, was jedoch den Zugriff auf bestimmte Funktionen unserer Website beeintr\u00e4chtigen kann.<\/p><p><strong>Links von Drittanbietern<\/strong><\/p><p>Sport Fishing Spain kann Links zu Websites Dritter enthalten. Bitte beachten Sie, dass wir keine Kontrolle \u00fcber den Inhalt oder die Datenschutzpraktiken dieser externen Websites haben. Wir raten Ihnen dringend, deren Datenschutzrichtlinien zu lesen, bevor Sie pers\u00f6nliche Daten angeben.<\/p><p><strong>Datensicherheit<\/strong><\/p><p>Wir ergreifen angemessene Ma\u00dfnahmen, um Ihre pers\u00f6nlichen Daten vor unbefugtem Zugriff, Offenlegung, \u00c4nderung oder Zerst\u00f6rung zu sch\u00fctzen. Bitte beachten Sie jedoch, dass keine Daten\u00fcbertragung \u00fcber das Internet als v\u00f6llig sicher garantiert werden kann.<\/p><p><strong>\u00c4nderungen an dieser Datenschutzrichtlinie<\/strong><\/p><p>Wir k\u00f6nnen diese Datenschutzrichtlinie von Zeit zu Zeit aktualisieren. Alle \u00c4nderungen werden auf dieser Seite ver\u00f6ffentlicht, und das Aktualisierungsdatum wird oben in der Richtlinie angezeigt.<\/p>\t\t\t\t\t\t<\/div>\n\t\t\t\t<\/div>\n\t\t\t\t\t<\/div>\n\t\t<\/div>\n\t\t\t\t\t\t\t<\/div>\n\t\t<\/section>\n\t\t\t\t\t\t\t<\/div>","protected":false},"excerpt":{"rendered":"<p>Privacy Policy We highly value your privacy and are dedicated to safeguarding your personal information. This Privacy Policy outlines the manner in which we collect, utilize, disclose, and protect your data while you explore our website, accessible at https:\/\/www.sportfishingspain.com. By utilizing our website, you signify your consent to the terms and conditions outlined in this [&hellip;]<\/p>","protected":false},"author":1,"featured_media":0,"parent":0,"menu_order":0,"comment_status":"closed","ping_status":"closed","template":"","meta":{"footnotes":""},"class_list":["post-198","page","type-page","status-publish","hentry"],"_links":{"self":[{"href":"https:\/\/sportfishingspain.com\/de\/wp-json\/wp\/v2\/pages\/198","targetHints":{"allow":["GET"]}}],"collection":[{"href":"https:\/\/sportfishingspain.com\/de\/wp-json\/wp\/v2\/pages"}],"about":[{"href":"https:\/\/sportfishingspain.com\/de\/wp-json\/wp\/v2\/types\/page"}],"author":[{"embeddable":true,"href":"https:\/\/sportfishingspain.com\/de\/wp-json\/wp\/v2\/users\/1"}],"replies":[{"embeddable":true,"href":"https:\/\/sportfishingspain.com\/de\/wp-json\/wp\/v2\/comments?post=198"}],"version-history":[{"count":4,"href":"https:\/\/sportfishingspain.com\/de\/wp-json\/wp\/v2\/pages\/198\/revisions"}],"predecessor-version":[{"id":202,"href":"https:\/\/sportfishingspain.com\/de\/wp-json\/wp\/v2\/pages\/198\/revisions\/202"}],"wp:attachment":[{"href":"https:\/\/sportfishingspain.com\/de\/wp-json\/wp\/v2\/media?parent=198"}],"curies":[{"name":"wp","href":"https:\/\/api.w.org\/{rel}","templated":true}]}}