{"id":183,"date":"2023-09-08T18:46:43","date_gmt":"2023-09-08T18:46:43","guid":{"rendered":"https:\/\/sportfishingspain.com\/?page_id=183"},"modified":"2023-09-08T18:50:31","modified_gmt":"2023-09-08T18:50:31","slug":"terms-conditions","status":"publish","type":"page","link":"https:\/\/sportfishingspain.com\/es\/terms-conditions\/","title":{"rendered":"Terms &#038; Conditions"},"content":{"rendered":"<div data-elementor-type=\"wp-page\" data-elementor-id=\"183\" class=\"elementor elementor-183\" data-elementor-post-type=\"page\">\n\t\t\t\t\t\t\t\t\t<section class=\"elementor-section elementor-top-section elementor-element elementor-element-4b1cdb0 elementor-section-boxed elementor-section-height-default elementor-section-height-default\" data-id=\"4b1cdb0\" data-element_type=\"section\">\n\t\t\t\t\t\t<div class=\"elementor-container elementor-column-gap-default\">\n\t\t\t\t\t<div class=\"elementor-column elementor-col-100 elementor-top-column elementor-element elementor-element-08b0d74\" data-id=\"08b0d74\" data-element_type=\"column\">\n\t\t\t<div class=\"elementor-widget-wrap elementor-element-populated\">\n\t\t\t\t\t\t\t\t<div class=\"elementor-element elementor-element-9861382 elementor-widget elementor-widget-heading\" data-id=\"9861382\" data-element_type=\"widget\" data-widget_type=\"heading.default\">\n\t\t\t\t<div class=\"elementor-widget-container\">\n\t\t\t<style>\/*! elementor - v3.15.0 - 20-08-2023 *\/\n.elementor-heading-title{padding:0;margin:0;line-height:1}.elementor-widget-heading .elementor-heading-title[class*=elementor-size-]>a{color:inherit;font-size:inherit;line-height:inherit}.elementor-widget-heading .elementor-heading-title.elementor-size-small{font-size:15px}.elementor-widget-heading .elementor-heading-title.elementor-size-medium{font-size:19px}.elementor-widget-heading .elementor-heading-title.elementor-size-large{font-size:29px}.elementor-widget-heading .elementor-heading-title.elementor-size-xl{font-size:39px}.elementor-widget-heading .elementor-heading-title.elementor-size-xxl{font-size:59px}<\/style><h2 class=\"elementor-heading-title elementor-size-default\">Condiciones generales<\/h2>\t\t<\/div>\n\t\t\t\t<\/div>\n\t\t\t\t<div class=\"elementor-element elementor-element-686469b elementor-widget elementor-widget-text-editor\" data-id=\"686469b\" data-element_type=\"widget\" data-widget_type=\"text-editor.default\">\n\t\t\t\t<div class=\"elementor-widget-container\">\n\t\t\t<style>\/*! elementor - v3.15.0 - 20-08-2023 *\/\n.elementor-widget-text-editor.elementor-drop-cap-view-stacked .elementor-drop-cap{background-color:#69727d;color:#fff}.elementor-widget-text-editor.elementor-drop-cap-view-framed .elementor-drop-cap{color:#69727d;border:3px solid;background-color:transparent}.elementor-widget-text-editor:not(.elementor-drop-cap-view-default) .elementor-drop-cap{margin-top:8px}.elementor-widget-text-editor:not(.elementor-drop-cap-view-default) .elementor-drop-cap-letter{width:1em;height:1em}.elementor-widget-text-editor .elementor-drop-cap{float:left;text-align:center;line-height:1;font-size:50px}.elementor-widget-text-editor .elementor-drop-cap-letter{display:inline-block}<\/style>\t\t\t\t<p><strong>1. Aceptaci\u00f3n de las condiciones<\/strong><\/p><p>Bienvenido al sitio web de Sport Fishing Spain. Estas condiciones de servicio rigen el uso de nuestro sitio web. Al acceder o utilizar este sitio, usted acepta estar obligado por estos t\u00e9rminos y condiciones. Si no est\u00e1 de acuerdo con alguna parte de estos t\u00e9rminos, por favor abst\u00e9ngase de utilizar nuestro sitio web.<\/p><p><strong>2. Uso del sitio web<\/strong><\/p><p>Nuestro sitio web tiene \u00fanicamente fines informativos. Puede explorar los detalles de nuestros servicios de pesca, ver im\u00e1genes de nuestros lugares de pesca y ponerse en contacto con nosotros para realizar consultas o reservas.<\/p><p><strong>3. 3. Propiedad intelectual<\/strong><\/p><p>Todo el contenido de este sitio web, incluyendo textos, im\u00e1genes, logotipos y gr\u00e1ficos, es propiedad exclusiva de Sport Fishing Spain y est\u00e1 protegido por las leyes de copyright. Cualquier uso no autorizado, reproducci\u00f3n o distribuci\u00f3n de nuestro contenido est\u00e1 estrictamente prohibido.<\/p><p><strong>4. Privacidad<\/strong><\/p><p>Su privacidad es de suma importancia para nosotros. Consulte nuestra Pol\u00edtica de privacidad para saber c\u00f3mo recopilamos, utilizamos y protegemos sus datos personales cuando utiliza nuestro sitio web.<\/p><p><strong>5. Enlaces a sitios web de terceros<\/strong><\/p><p>Sport Fishing Spain puede contener enlaces a sitios web de terceros para su comodidad. Estos enlaces se proporcionan como un servicio para mejorar su experiencia. Sin embargo, no aprobamos ni somos responsables del contenido, las pr\u00e1cticas de privacidad o las condiciones de uso de estos sitios externos.<\/p><p><strong>6. Limitaci\u00f3n de responsabilidad<\/strong><\/p><p>Aunque hacemos todo lo posible para asegurar la exactitud y actualidad de la informaci\u00f3n proporcionada en nuestro sitio web, Sport Fishing Spain no ofrece ninguna garant\u00eda o representaci\u00f3n con respecto a la integridad, exactitud o fiabilidad del contenido. No seremos responsables de ning\u00fan da\u00f1o directo o indirecto derivado del uso de nuestro sitio web.<\/p><p><strong>7. Modificaci\u00f3n de las condiciones<\/strong><\/p><p>Sport Fishing Spain se reserva el derecho de actualizar estos T\u00e9rminos de Servicio en cualquier momento. Cualquier cambio ser\u00e1 publicado en esta p\u00e1gina, y es su responsabilidad revisarlos peri\u00f3dicamente.<\/p><p><strong>8. 8. Informaci\u00f3n de contacto<\/strong><\/p><p>Si tiene alguna pregunta, duda o necesita m\u00e1s informaci\u00f3n sobre estas condiciones o cualquier otro aspecto de nuestro sitio web, no dude en ponerse en contacto con nosotros.<\/p><p>Gracias por elegir Sport Fishing Spain. Apreciamos su confianza y esperamos poder ofrecerle una experiencia de pesca excepcional.<\/p><p>Atentamente,<\/p><p>Sport Fishing Spain<\/p>\t\t\t\t\t\t<\/div>\n\t\t\t\t<\/div>\n\t\t\t\t\t<\/div>\n\t\t<\/div>\n\t\t\t\t\t\t\t<\/div>\n\t\t<\/section>\n\t\t\t\t\t\t\t<\/div>","protected":false},"excerpt":{"rendered":"<p>Terms &amp; Conditions 1. Acceptance of Terms Welcome to the Sport Fishing Spain website. These Terms of Service govern your use of our website. By accessing or using this site, you agree to be bound by these terms and conditions. If you do not agree with any part of these terms, please refrain from using [&hellip;]<\/p>","protected":false},"author":1,"featured_media":0,"parent":0,"menu_order":0,"comment_status":"closed","ping_status":"closed","template":"","meta":{"footnotes":""},"class_list":["post-183","page","type-page","status-publish","hentry"],"_links":{"self":[{"href":"https:\/\/sportfishingspain.com\/es\/wp-json\/wp\/v2\/pages\/183","targetHints":{"allow":["GET"]}}],"collection":[{"href":"https:\/\/sportfishingspain.com\/es\/wp-json\/wp\/v2\/pages"}],"about":[{"href":"https:\/\/sportfishingspain.com\/es\/wp-json\/wp\/v2\/types\/page"}],"author":[{"embeddable":true,"href":"https:\/\/sportfishingspain.com\/es\/wp-json\/wp\/v2\/users\/1"}],"replies":[{"embeddable":true,"href":"https:\/\/sportfishingspain.com\/es\/wp-json\/wp\/v2\/comments?post=183"}],"version-history":[{"count":14,"href":"https:\/\/sportfishingspain.com\/es\/wp-json\/wp\/v2\/pages\/183\/revisions"}],"predecessor-version":[{"id":197,"href":"https:\/\/sportfishingspain.com\/es\/wp-json\/wp\/v2\/pages\/183\/revisions\/197"}],"wp:attachment":[{"href":"https:\/\/sportfishingspain.com\/es\/wp-json\/wp\/v2\/media?parent=183"}],"curies":[{"name":"wp","href":"https:\/\/api.w.org\/{rel}","templated":true}]}}