{"id":183,"date":"2023-09-08T18:46:43","date_gmt":"2023-09-08T18:46:43","guid":{"rendered":"https:\/\/sportfishingspain.com\/?page_id=183"},"modified":"2023-09-08T18:50:31","modified_gmt":"2023-09-08T18:50:31","slug":"terms-conditions","status":"publish","type":"page","link":"https:\/\/sportfishingspain.com\/fr\/terms-conditions\/","title":{"rendered":"Terms &#038; Conditions"},"content":{"rendered":"<div data-elementor-type=\"wp-page\" data-elementor-id=\"183\" class=\"elementor elementor-183\" data-elementor-post-type=\"page\">\n\t\t\t\t\t\t\t\t\t<section class=\"elementor-section elementor-top-section elementor-element elementor-element-4b1cdb0 elementor-section-boxed elementor-section-height-default elementor-section-height-default\" data-id=\"4b1cdb0\" data-element_type=\"section\">\n\t\t\t\t\t\t<div class=\"elementor-container elementor-column-gap-default\">\n\t\t\t\t\t<div class=\"elementor-column elementor-col-100 elementor-top-column elementor-element elementor-element-08b0d74\" data-id=\"08b0d74\" data-element_type=\"column\">\n\t\t\t<div class=\"elementor-widget-wrap elementor-element-populated\">\n\t\t\t\t\t\t\t\t<div class=\"elementor-element elementor-element-9861382 elementor-widget elementor-widget-heading\" data-id=\"9861382\" data-element_type=\"widget\" data-widget_type=\"heading.default\">\n\t\t\t\t<div class=\"elementor-widget-container\">\n\t\t\t<style>\/*! elementor - v3.15.0 - 20-08-2023 *\/\n.elementor-heading-title{padding:0;margin:0;line-height:1}.elementor-widget-heading .elementor-heading-title[class*=elementor-size-]>a{color:inherit;font-size:inherit;line-height:inherit}.elementor-widget-heading .elementor-heading-title.elementor-size-small{font-size:15px}.elementor-widget-heading .elementor-heading-title.elementor-size-medium{font-size:19px}.elementor-widget-heading .elementor-heading-title.elementor-size-large{font-size:29px}.elementor-widget-heading .elementor-heading-title.elementor-size-xl{font-size:39px}.elementor-widget-heading .elementor-heading-title.elementor-size-xxl{font-size:59px}<\/style><h2 class=\"elementor-heading-title elementor-size-default\">Conditions g\u00e9n\u00e9rales d'utilisation<\/h2>\t\t<\/div>\n\t\t\t\t<\/div>\n\t\t\t\t<div class=\"elementor-element elementor-element-686469b elementor-widget elementor-widget-text-editor\" data-id=\"686469b\" data-element_type=\"widget\" data-widget_type=\"text-editor.default\">\n\t\t\t\t<div class=\"elementor-widget-container\">\n\t\t\t<style>\/*! elementor - v3.15.0 - 20-08-2023 *\/\n.elementor-widget-text-editor.elementor-drop-cap-view-stacked .elementor-drop-cap{background-color:#69727d;color:#fff}.elementor-widget-text-editor.elementor-drop-cap-view-framed .elementor-drop-cap{color:#69727d;border:3px solid;background-color:transparent}.elementor-widget-text-editor:not(.elementor-drop-cap-view-default) .elementor-drop-cap{margin-top:8px}.elementor-widget-text-editor:not(.elementor-drop-cap-view-default) .elementor-drop-cap-letter{width:1em;height:1em}.elementor-widget-text-editor .elementor-drop-cap{float:left;text-align:center;line-height:1;font-size:50px}.elementor-widget-text-editor .elementor-drop-cap-letter{display:inline-block}<\/style>\t\t\t\t<p><strong>1. Acceptation des conditions<\/strong><\/p><p>Bienvenue sur le site web de Sport Fishing Spain. Les pr\u00e9sentes conditions d'utilisation r\u00e9gissent votre utilisation de notre site web. En acc\u00e9dant \u00e0 ce site ou en l'utilisant, vous acceptez d'\u00eatre li\u00e9 par ces conditions. Si vous n'\u00eates pas d'accord avec l'une ou l'autre partie de ces conditions, veuillez vous abstenir d'utiliser notre site web.<\/p><p><strong>2. Utilisation du site web<\/strong><\/p><p>Notre site web est uniquement destin\u00e9 \u00e0 des fins d'information. Vous pouvez explorer les d\u00e9tails de nos services de p\u00eache, voir des images de nos lieux de p\u00eache et nous contacter pour des demandes de renseignements ou des r\u00e9servations.<\/p><p><strong>3. Propri\u00e9t\u00e9 intellectuelle<\/strong><\/p><p>Tout le contenu de ce site Web, y compris les textes, les images, les logos et les graphiques, est la propri\u00e9t\u00e9 exclusive de Sport Fishing Spain et est prot\u00e9g\u00e9 par les lois sur les droits d'auteur. Toute utilisation, reproduction ou distribution non autoris\u00e9e de notre contenu est strictement interdite.<\/p><p><strong>4. Protection de la vie priv\u00e9e<\/strong><\/p><p>Nous accordons une grande importance \u00e0 la protection de votre vie priv\u00e9e. Veuillez consulter notre politique de confidentialit\u00e9 pour comprendre comment nous recueillons, utilisons et prot\u00e9geons vos informations personnelles lorsque vous utilisez notre site web.<\/p><p><strong>5. Liens vers des sites web de tiers<\/strong><\/p><p>Sport Fishing Spain peut contenir des liens vers des sites Web de tiers pour votre commodit\u00e9. Ces liens sont fournis \u00e0 titre de service pour am\u00e9liorer votre exp\u00e9rience. Cependant, nous n'approuvons pas et ne sommes pas responsables du contenu, des pratiques de confidentialit\u00e9 ou des conditions d'utilisation de ces sites externes.<\/p><p><strong>6. Limitation de la responsabilit\u00e9<\/strong><\/p><p>Bien que nous fassions tout notre possible pour garantir l'exactitude et l'actualit\u00e9 des informations fournies sur notre site web, Sport Fishing Spain ne donne aucune garantie ou repr\u00e9sentation quant \u00e0 l'exhaustivit\u00e9, l'exactitude ou la fiabilit\u00e9 du contenu. Nous ne pouvons \u00eatre tenus responsables des dommages directs ou indirects r\u00e9sultant de l'utilisation de notre site web.<\/p><p><strong>7. Modifications des conditions<\/strong><\/p><p>Sport Fishing Spain se r\u00e9serve le droit de mettre \u00e0 jour ces conditions d'utilisation \u00e0 tout moment. Toute modification sera affich\u00e9e sur cette page et il est de votre responsabilit\u00e9 de les consulter r\u00e9guli\u00e8rement.<\/p><p><strong>8. Informations sur les contacts<\/strong><\/p><p>Si vous avez des questions, des pr\u00e9occupations ou si vous souhaitez obtenir de plus amples informations concernant les pr\u00e9sentes conditions ou tout autre aspect de notre site web, n'h\u00e9sitez pas \u00e0 nous contacter.<\/p><p>Merci d'avoir choisi Sport Fishing Spain. Nous appr\u00e9cions votre confiance et sommes impatients de vous offrir une exp\u00e9rience de p\u00eache exceptionnelle.<\/p><p>Je vous prie d'agr\u00e9er, Monsieur le Pr\u00e9sident, l'expression de mes sentiments distingu\u00e9s,<\/p><p>Sport Fishing Spain<\/p>\t\t\t\t\t\t<\/div>\n\t\t\t\t<\/div>\n\t\t\t\t\t<\/div>\n\t\t<\/div>\n\t\t\t\t\t\t\t<\/div>\n\t\t<\/section>\n\t\t\t\t\t\t\t<\/div>","protected":false},"excerpt":{"rendered":"<p>Terms &amp; Conditions 1. Acceptance of Terms Welcome to the Sport Fishing Spain website. These Terms of Service govern your use of our website. By accessing or using this site, you agree to be bound by these terms and conditions. If you do not agree with any part of these terms, please refrain from using [&hellip;]<\/p>","protected":false},"author":1,"featured_media":0,"parent":0,"menu_order":0,"comment_status":"closed","ping_status":"closed","template":"","meta":{"footnotes":""},"class_list":["post-183","page","type-page","status-publish","hentry"],"_links":{"self":[{"href":"https:\/\/sportfishingspain.com\/fr\/wp-json\/wp\/v2\/pages\/183","targetHints":{"allow":["GET"]}}],"collection":[{"href":"https:\/\/sportfishingspain.com\/fr\/wp-json\/wp\/v2\/pages"}],"about":[{"href":"https:\/\/sportfishingspain.com\/fr\/wp-json\/wp\/v2\/types\/page"}],"author":[{"embeddable":true,"href":"https:\/\/sportfishingspain.com\/fr\/wp-json\/wp\/v2\/users\/1"}],"replies":[{"embeddable":true,"href":"https:\/\/sportfishingspain.com\/fr\/wp-json\/wp\/v2\/comments?post=183"}],"version-history":[{"count":14,"href":"https:\/\/sportfishingspain.com\/fr\/wp-json\/wp\/v2\/pages\/183\/revisions"}],"predecessor-version":[{"id":197,"href":"https:\/\/sportfishingspain.com\/fr\/wp-json\/wp\/v2\/pages\/183\/revisions\/197"}],"wp:attachment":[{"href":"https:\/\/sportfishingspain.com\/fr\/wp-json\/wp\/v2\/media?parent=183"}],"curies":[{"name":"wp","href":"https:\/\/api.w.org\/{rel}","templated":true}]}}